{"id":3083,"date":"2024-06-25T17:39:38","date_gmt":"2024-06-25T15:39:38","guid":{"rendered":"https:\/\/emirats-unis.diplomatie.gov.bf\/?page_id=3083"},"modified":"2024-10-25T12:23:58","modified_gmt":"2024-10-25T10:23:58","slug":"cooperation-multilaterale","status":"publish","type":"page","link":"https:\/\/emirats-unis.diplomatie.gov.bf\/index.php\/cooperation-multilaterale\/","title":{"rendered":"Coop\u00e9ration multilat\u00e9rale"},"content":{"rendered":"\t\t<div data-elementor-type=\"wp-page\" data-elementor-id=\"3083\" class=\"elementor elementor-3083\" data-elementor-post-type=\"page\">\n\t\t\t\t<div data-particle_enable=\"false\" data-particle-mobile-disabled=\"false\" class=\"elementor-element elementor-element-bcbd627 e-flex e-con-boxed e-con e-parent\" data-id=\"bcbd627\" data-element_type=\"container\" data-e-type=\"container\">\n\t\t\t\t\t<div class=\"e-con-inner\">\n\t\t\t\t<div class=\"elementor-element elementor-element-96c9fc4 elementor-widget elementor-widget-text-editor\" data-id=\"96c9fc4\" data-element_type=\"widget\" data-e-type=\"widget\" data-widget_type=\"text-editor.default\">\n\t\t\t\t<div class=\"elementor-widget-container\">\n\t\t\t\t\t\t\t\t\t<p>L\u2019Agence Internationale pour les Energies Renouvelables (<strong>IRENA<\/strong>), est une organisation internationale cr\u00e9\u00e9e en 2009, dont le si\u00e8ge est \u00e0 Abu Dhabi et qui regroupe 169 membres dont 168 Etats et l\u2019Union Europ\u00e9enne.\u00a0 C\u2019est une organisation intergouvernementale mondiale de premier plan pour la transformation \u00e9nerg\u00e9tique qui soutient les pays dans leur transition vers un avenir \u00e9nerg\u00e9tique durable et sert de principale plateforme pour la coop\u00e9ration internationale, de centre d\u2019excellence et de r\u00e9f\u00e9rentiel de connaissances politiques, technologiques, financi\u00e8res et de ressources sur les \u00e9nergies renouvelables.<\/p><p>Le Burkina Faso, en tant que pays membre de cette instance internationale, b\u00e9n\u00e9ficie de plusieurs accompagnements de l\u2019IRENA dans la mise en \u0153uvre des projets dans le domaine des \u00e9nergies renouvelables.<\/p><p>L\u2019Agence internationale pour les \u00e9nergies renouvelables (IRENA) a ainsi financ\u00e9 en 2021, une \u00e9tude pour le compte du Burkina Faso. Cette \u00e9tude visait \u00e0 cartographier les zones propices au d\u00e9ploiement de projets d&rsquo;\u00e9nergie solaire photovolta\u00efque et \u00e9olienne \u00e0 \u00e9chelle industrielle au Burkina Faso.<\/p><p>L\u2019Agence a \u00e9galement financ\u00e9 le \u00ab\u00a0Renewables readiness assessment\u00a0\u00bb (RRA) du Burkina Faso qui a \u00e9t\u00e9 publi\u00e9 en d\u00e9cembre 2023\u00a0et qui identifie plusieurs leviers permettant au pays d\u2019acc\u00e9l\u00e9rer sa transition \u00e9nerg\u00e9tique. Il s\u2019agit entre autres de garantir un approvisionnement \u00e9nerg\u00e9tique durable \u00e0 des prix abordables et stables ; d\u2019accro\u00eetre la r\u00e9silience des communaut\u00e9s rurales gr\u00e2ce \u00e0 l\u2019acc\u00e8s \u00e0 l\u2019\u00e9nergie ; d\u2019exploiter son important potentiel en \u00e9nergies renouvelables pour diversifier son \u00e9conomie et cr\u00e9er des emplois qualifi\u00e9s et durables ; et d\u2019honorer ses engagements internationaux pour faire face aux impacts climatiques et sanitaires dans le secteur de l\u2019\u00e9nergie.<\/p><p>L\u2019IRENA accompagne \u00e9galement l\u2019Agence Nationale des Energies Renouvelables et de l\u2019Efficacit\u00e9 Energ\u00e9tique (ANEREE) pour l\u2018\u00e9laboration d\u2019un guide simplifi\u00e9 de renforcement des capacit\u00e9s des parties prenantes sur les m\u00e9canismes d\u2019installation des dispositifs solaires et sur l\u2019efficacit\u00e9 \u00e9nerg\u00e9tique.<\/p><p>En outre, un portefeuille de projets formul\u00e9s par l\u2019ANEREE pour la promotion des \u00e9nergies renouvelables et l\u2019efficacit\u00e9 \u00e9nerg\u00e9tique a \u00e9t\u00e9 pr\u00e9sent\u00e9 \u00e0 l\u2019IRENA en collaboration avec l\u2019Ambassade pour financement. Les modalit\u00e9s pratiques du financement de ces projets sont actuellement en discussion avec les partenaires financiers d\u00e9j\u00e0 align\u00e9s sur lesdits projets.<\/p><p>Aussi, l\u2019IRENA en collaboration avec le Fonds d\u2019Abu Dhadi pour le D\u00e9veloppement (<strong>FADD<\/strong>) d\u00e9veloppe actuellement un projet d\u2019\u00e9lectrification rurale en solaire off grid avec l\u2019Agence Burkinab\u00e8 de l\u2019Electrification Rurale (<strong>ABER<\/strong>) dans 42 localit\u00e9s du Burkina Faso.<\/p><p>En rappel, le Burkina Faso avait \u00e9t\u00e9 \u00e9lu en marge de la 9<sup>\u00e8me<\/sup> session de l&rsquo;assembl\u00e9e de cette organisation, vice-pr\u00e9sident de l&rsquo;Agence internationale pour les \u00e9nergies renouvelables (IRENA) pour un mandat de deux ans au cours de la p\u00e9riode 2019-2020.<\/p>\t\t\t\t\t\t\t\t<\/div>\n\t\t\t\t<\/div>\n\t\t\t\t\t<\/div>\n\t\t\t\t<\/div>\n\t\t\t\t<\/div>\n\t\t","protected":false},"excerpt":{"rendered":"<p>L\u2019Agence Internationale pour les Energies Renouvelables (IRENA), est une organisation internationale cr\u00e9\u00e9e en 2009, dont le si\u00e8ge est \u00e0 Abu Dhabi et qui regroupe 169 membres dont 168 Etats et l\u2019Union Europ\u00e9enne.\u00a0 C\u2019est une organisation intergouvernementale mondiale de premier plan pour la transformation \u00e9nerg\u00e9tique qui soutient les pays dans leur transition vers un avenir \u00e9nerg\u00e9tique [&hellip;]<\/p>\n","protected":false},"author":4,"featured_media":0,"parent":0,"menu_order":0,"comment_status":"closed","ping_status":"closed","template":"elementor_header_footer","meta":{"_acf_changed":false,"_monsterinsights_skip_tracking":false,"_monsterinsights_sitenote_active":false,"_monsterinsights_sitenote_note":"","_monsterinsights_sitenote_category":0,"footnotes":""},"class_list":["post-3083","page","type-page","status-publish","hentry"],"acf":[],"_links":{"self":[{"href":"https:\/\/emirats-unis.diplomatie.gov.bf\/index.php\/wp-json\/wp\/v2\/pages\/3083","targetHints":{"allow":["GET"]}}],"collection":[{"href":"https:\/\/emirats-unis.diplomatie.gov.bf\/index.php\/wp-json\/wp\/v2\/pages"}],"about":[{"href":"https:\/\/emirats-unis.diplomatie.gov.bf\/index.php\/wp-json\/wp\/v2\/types\/page"}],"author":[{"embeddable":true,"href":"https:\/\/emirats-unis.diplomatie.gov.bf\/index.php\/wp-json\/wp\/v2\/users\/4"}],"replies":[{"embeddable":true,"href":"https:\/\/emirats-unis.diplomatie.gov.bf\/index.php\/wp-json\/wp\/v2\/comments?post=3083"}],"version-history":[{"count":18,"href":"https:\/\/emirats-unis.diplomatie.gov.bf\/index.php\/wp-json\/wp\/v2\/pages\/3083\/revisions"}],"predecessor-version":[{"id":5204,"href":"https:\/\/emirats-unis.diplomatie.gov.bf\/index.php\/wp-json\/wp\/v2\/pages\/3083\/revisions\/5204"}],"wp:attachment":[{"href":"https:\/\/emirats-unis.diplomatie.gov.bf\/index.php\/wp-json\/wp\/v2\/media?parent=3083"}],"curies":[{"name":"wp","href":"https:\/\/api.w.org\/{rel}","templated":true}]}}