{"id":3980,"date":"2024-06-27T11:37:08","date_gmt":"2024-06-27T09:37:08","guid":{"rendered":"https:\/\/emirats-unis.diplomatie.gov.bf\/?page_id=3980"},"modified":"2024-09-30T16:09:44","modified_gmt":"2024-09-30T14:09:44","slug":"le-personnel","status":"publish","type":"page","link":"https:\/\/emirats-unis.diplomatie.gov.bf\/index.php\/le-personnel\/","title":{"rendered":"Le personnel"},"content":{"rendered":"\t\t<div data-elementor-type=\"wp-page\" data-elementor-id=\"3980\" class=\"elementor elementor-3980\" data-elementor-post-type=\"page\">\n\t\t\t\t<div data-particle_enable=\"false\" data-particle-mobile-disabled=\"false\" class=\"elementor-element elementor-element-4eb88673 e-flex e-con-boxed elementor-invisible e-con e-parent\" data-id=\"4eb88673\" data-element_type=\"container\" data-e-type=\"container\" data-settings=\"{&quot;background_background&quot;:&quot;classic&quot;,&quot;animation&quot;:&quot;slideInLeft&quot;}\">\n\t\t\t\t\t<div class=\"e-con-inner\">\n\t\t<div data-particle_enable=\"false\" data-particle-mobile-disabled=\"false\" class=\"elementor-element elementor-element-7884ee44 e-con-full e-flex elementor-invisible e-con e-child\" data-id=\"7884ee44\" data-element_type=\"container\" data-e-type=\"container\" data-settings=\"{&quot;animation&quot;:&quot;fadeInLeft&quot;}\">\n\t\t\t\t<div class=\"elementor-element elementor-element-493a66f elementor-widget elementor-widget-tg-team\" data-id=\"493a66f\" data-element_type=\"widget\" data-e-type=\"widget\" data-widget_type=\"tg-team.default\">\n\t\t\t\t<div class=\"elementor-widget-container\">\n\t\t\t\t\t\r\n\r\n\r\n        \r\n            <div class=\"row justify-content-center gutter-24\">\r\n                                    <div class=\"col-lg-3 col-md-6 col-sm-8\">\r\n                        <div class=\"team__item-two shine-animate-item\">\r\n                                                            <div class=\"team__thumb-two shine-animate\">\r\n                                    <img decoding=\"async\" src=\"https:\/\/emirats-unis.diplomatie.gov.bf\/wp-content\/uploads\/sites\/25\/2024\/09\/SOULEYMANE-KONATE.jpg\" alt=\"\">\r\n                                <\/div>\r\n                                                        <div class=\"team__content-two\">\r\n                                <h4 class=\"title\"><a href=\"#\">Son Excellence Docteur KONATE Souleymane<\/a><\/h4>\r\n                                                                    <span>Ambassadeur Extraordinaire et Pl\u00e9nipotentiaire <\/span>\r\n                                                                                            <\/div>\r\n                        <\/div>\r\n                    <\/div>\r\n                                    <div class=\"col-lg-3 col-md-6 col-sm-8\">\r\n                        <div class=\"team__item-two shine-animate-item\">\r\n                                                            <div class=\"team__thumb-two shine-animate\">\r\n                                    <img decoding=\"async\" src=\"https:\/\/emirats-unis.diplomatie.gov.bf\/wp-content\/uploads\/sites\/25\/2024\/09\/ZAMPALIGRE-HASSANE.jpg\" alt=\"\">\r\n                                <\/div>\r\n                                                        <div class=\"team__content-two\">\r\n                                <h4 class=\"title\"><a href=\"#\">Monsieur ZAMPALIGRE Hassane<\/a><\/h4>\r\n                                                                    <span>Premier Conseiller, Chef du Service Politique et Diplomatique <\/span>\r\n                                                                                            <\/div>\r\n                        <\/div>\r\n                    <\/div>\r\n                                    <div class=\"col-lg-3 col-md-6 col-sm-8\">\r\n                        <div class=\"team__item-two shine-animate-item\">\r\n                                                            <div class=\"team__thumb-two shine-animate\">\r\n                                    <img decoding=\"async\" src=\"https:\/\/emirats-unis.diplomatie.gov.bf\/wp-content\/uploads\/sites\/25\/2024\/09\/ISSA-MAIGA.jpg\" alt=\"\">\r\n                                <\/div>\r\n                                                        <div class=\"team__content-two\">\r\n                                <h4 class=\"title\"><a href=\"#\">Monsieur MAIGA Issa Koukouno<\/a><\/h4>\r\n                                                                    <span>Premier Secr\u00e9taire, Chef du Service Consulaire<\/span>\r\n                                                                                            <\/div>\r\n                        <\/div>\r\n                    <\/div>\r\n                                    <div class=\"col-lg-3 col-md-6 col-sm-8\">\r\n                        <div class=\"team__item-two shine-animate-item\">\r\n                                                            <div class=\"team__thumb-two shine-animate\">\r\n                                    <img decoding=\"async\" src=\"https:\/\/emirats-unis.diplomatie.gov.bf\/wp-content\/uploads\/sites\/25\/2024\/09\/HOUDA-SINON.jpg\" alt=\"\">\r\n                                <\/div>\r\n                                                        <div class=\"team__content-two\">\r\n                                <h4 class=\"title\"><a href=\"#\">Monsieur SINON Houda<\/a><\/h4>\r\n                                                                    <span>Tr\u00e9sorier, Chef du Service Financier\/Tr\u00e9sorerie <\/span>\r\n                                                                                            <\/div>\r\n                        <\/div>\r\n                    <\/div>\r\n                                    <div class=\"col-lg-3 col-md-6 col-sm-8\">\r\n                        <div class=\"team__item-two shine-animate-item\">\r\n                                                            <div class=\"team__thumb-two shine-animate\">\r\n                                    <img decoding=\"async\" src=\"https:\/\/emirats-unis.diplomatie.gov.bf\/wp-content\/uploads\/sites\/25\/2024\/09\/Photo-Amin.jpeg\" alt=\"\">\r\n                                <\/div>\r\n                                                        <div class=\"team__content-two\">\r\n                                <h4 class=\"title\"><a href=\"#\">Monsieur OUEDRAOGO Aminou<\/a><\/h4>\r\n                                                                    <span>Attach\u00e9, Interpr\u00e8te-Traducteur, Chef du Service de l\u2019Interpretariat et de la Traduction<\/span>\r\n                                                                                            <\/div>\r\n                        <\/div>\r\n                    <\/div>\r\n                                    <div class=\"col-lg-3 col-md-6 col-sm-8\">\r\n                        <div class=\"team__item-two shine-animate-item\">\r\n                                                            <div class=\"team__thumb-two shine-animate\">\r\n                                    <img decoding=\"async\" src=\"https:\/\/emirats-unis.diplomatie.gov.bf\/wp-content\/uploads\/sites\/25\/2024\/09\/HABIBOU-OUEDRAOUGO.jpg\" alt=\"\">\r\n                                <\/div>\r\n                                                        <div class=\"team__content-two\">\r\n                                <h4 class=\"title\"><a href=\"#\">Madame OUEDRAOGO\/TAPSOBA Habibou<\/a><\/h4>\r\n                                                                    <span>Attach\u00e9e, Service Consulaire <\/span>\r\n                                                                                            <\/div>\r\n                        <\/div>\r\n                    <\/div>\r\n                                    <div class=\"col-lg-3 col-md-6 col-sm-8\">\r\n                        <div class=\"team__item-two shine-animate-item\">\r\n                                                            <div class=\"team__thumb-two shine-animate\">\r\n                                    <img decoding=\"async\" src=\"https:\/\/emirats-unis.diplomatie.gov.bf\/wp-content\/uploads\/sites\/25\/2024\/09\/RABIATOU-MAIGA-TAPSOBA.jpeg\" alt=\"\">\r\n                                <\/div>\r\n                                                        <div class=\"team__content-two\">\r\n                                <h4 class=\"title\"><a href=\"#\">Madame MAIGA\/TAPSOBA Rabiatou<\/a><\/h4>\r\n                                                                    <span>Attach\u00e9e, Service Consulaire <\/span>\r\n                                                                                            <\/div>\r\n                        <\/div>\r\n                    <\/div>\r\n                                    <div class=\"col-lg-3 col-md-6 col-sm-8\">\r\n                        <div class=\"team__item-two shine-animate-item\">\r\n                                                            <div class=\"team__thumb-two shine-animate\">\r\n                                    <img decoding=\"async\" src=\"https:\/\/emirats-unis.diplomatie.gov.bf\/wp-content\/uploads\/sites\/25\/2024\/09\/RAJAA-FADDOL.jpg\" alt=\"\">\r\n                                <\/div>\r\n                                                        <div class=\"team__content-two\">\r\n                                <h4 class=\"title\"><a href=\"#\">Madame FADOOL Rajaa<\/a><\/h4>\r\n                                                                    <span>Secr\u00e9taire de l\u2019Ambassade <\/span>\r\n                                                                                            <\/div>\r\n                        <\/div>\r\n                    <\/div>\r\n                                    <div class=\"col-lg-3 col-md-6 col-sm-8\">\r\n                        <div class=\"team__item-two shine-animate-item\">\r\n                                                            <div class=\"team__thumb-two shine-animate\">\r\n                                    <img decoding=\"async\" src=\"https:\/\/emirats-unis.diplomatie.gov.bf\/wp-content\/uploads\/sites\/25\/2024\/09\/SANFO-BOUKARY.jpg\" alt=\"\">\r\n                                <\/div>\r\n                                                        <div class=\"team__content-two\">\r\n                                <h4 class=\"title\"><a href=\"#\">Monsieur SANFO Boukare<\/a><\/h4>\r\n                                                                    <span>Agent de liaison <\/span>\r\n                                                                                            <\/div>\r\n                        <\/div>\r\n                    <\/div>\r\n                                    <div class=\"col-lg-3 col-md-6 col-sm-8\">\r\n                        <div class=\"team__item-two shine-animate-item\">\r\n                                                            <div class=\"team__thumb-two shine-animate\">\r\n                                    <img decoding=\"async\" src=\"https:\/\/emirats-unis.diplomatie.gov.bf\/wp-content\/uploads\/sites\/25\/2024\/09\/ALI-ATHAR.jpg\" alt=\"\">\r\n                                <\/div>\r\n                                                        <div class=\"team__content-two\">\r\n                                <h4 class=\"title\"><a href=\"#\">Monsieur ATHAR Ali<\/a><\/h4>\r\n                                                                    <span>Chauffeur<\/span>\r\n                                                                                            <\/div>\r\n                        <\/div>\r\n                    <\/div>\r\n                                    <div class=\"col-lg-3 col-md-6 col-sm-8\">\r\n                        <div class=\"team__item-two shine-animate-item\">\r\n                                                            <div class=\"team__thumb-two shine-animate\">\r\n                                    <img decoding=\"async\" src=\"https:\/\/emirats-unis.diplomatie.gov.bf\/wp-content\/uploads\/sites\/25\/2024\/09\/IBRAHIM-MANGO-copie.jpg\" alt=\"\">\r\n                                <\/div>\r\n                                                        <div class=\"team__content-two\">\r\n                                <h4 class=\"title\"><a href=\"#\">Monsieur MANGO Ibrahim<\/a><\/h4>\r\n                                                                    <span>Chauffeur<\/span>\r\n                                                                                            <\/div>\r\n                        <\/div>\r\n                    <\/div>\r\n                            <\/div>\r\n\r\n        \r\n\t\t\t\t<\/div>\n\t\t\t\t<\/div>\n\t\t\t\t<\/div>\n\t\t\t\t\t<\/div>\n\t\t\t\t<\/div>\n\t\t\t\t<\/div>\n\t\t","protected":false},"excerpt":{"rendered":"<p>Son Excellence Docteur KONATE Souleymane Ambassadeur Extraordinaire et Pl\u00e9nipotentiaire Monsieur ZAMPALIGRE Hassane Premier Conseiller, Chef du Service Politique et Diplomatique Monsieur MAIGA Issa Koukouno Premier Secr\u00e9taire, Chef du Service Consulaire Monsieur SINON Houda Tr\u00e9sorier, Chef du Service Financier\/Tr\u00e9sorerie Monsieur OUEDRAOGO Aminou Attach\u00e9, Interpr\u00e8te-Traducteur, Chef du Service de l\u2019Interpretariat et de la Traduction Madame OUEDRAOGO\/TAPSOBA Habibou [&hellip;]<\/p>\n","protected":false},"author":4,"featured_media":0,"parent":0,"menu_order":0,"comment_status":"closed","ping_status":"closed","template":"elementor_header_footer","meta":{"_acf_changed":false,"_monsterinsights_skip_tracking":false,"_monsterinsights_sitenote_active":false,"_monsterinsights_sitenote_note":"","_monsterinsights_sitenote_category":0,"footnotes":""},"class_list":["post-3980","page","type-page","status-publish","hentry"],"acf":[],"_links":{"self":[{"href":"https:\/\/emirats-unis.diplomatie.gov.bf\/index.php\/wp-json\/wp\/v2\/pages\/3980","targetHints":{"allow":["GET"]}}],"collection":[{"href":"https:\/\/emirats-unis.diplomatie.gov.bf\/index.php\/wp-json\/wp\/v2\/pages"}],"about":[{"href":"https:\/\/emirats-unis.diplomatie.gov.bf\/index.php\/wp-json\/wp\/v2\/types\/page"}],"author":[{"embeddable":true,"href":"https:\/\/emirats-unis.diplomatie.gov.bf\/index.php\/wp-json\/wp\/v2\/users\/4"}],"replies":[{"embeddable":true,"href":"https:\/\/emirats-unis.diplomatie.gov.bf\/index.php\/wp-json\/wp\/v2\/comments?post=3980"}],"version-history":[{"count":93,"href":"https:\/\/emirats-unis.diplomatie.gov.bf\/index.php\/wp-json\/wp\/v2\/pages\/3980\/revisions"}],"predecessor-version":[{"id":5098,"href":"https:\/\/emirats-unis.diplomatie.gov.bf\/index.php\/wp-json\/wp\/v2\/pages\/3980\/revisions\/5098"}],"wp:attachment":[{"href":"https:\/\/emirats-unis.diplomatie.gov.bf\/index.php\/wp-json\/wp\/v2\/media?parent=3980"}],"curies":[{"name":"wp","href":"https:\/\/api.w.org\/{rel}","templated":true}]}}