{"id":4651,"date":"2024-07-26T11:05:41","date_gmt":"2024-07-26T09:05:41","guid":{"rendered":"https:\/\/emirats-unis.diplomatie.gov.bf\/?page_id=4651"},"modified":"2024-10-01T12:08:49","modified_gmt":"2024-10-01T10:08:49","slug":"informations","status":"publish","type":"page","link":"https:\/\/emirats-unis.diplomatie.gov.bf\/index.php\/informations\/","title":{"rendered":"Informations"},"content":{"rendered":"\t\t<div data-elementor-type=\"wp-page\" data-elementor-id=\"4651\" class=\"elementor elementor-4651\" data-elementor-post-type=\"page\">\n\t\t\t\t<div data-particle_enable=\"false\" data-particle-mobile-disabled=\"false\" class=\"elementor-element elementor-element-74e3b7d e-flex e-con-boxed e-con e-parent\" data-id=\"74e3b7d\" data-element_type=\"container\" data-e-type=\"container\">\n\t\t\t\t\t<div class=\"e-con-inner\">\n\t\t\t\t<div class=\"elementor-element elementor-element-fa8b9c7 elementor-widget elementor-widget-text-editor\" data-id=\"fa8b9c7\" data-element_type=\"widget\" data-e-type=\"widget\" data-widget_type=\"text-editor.default\">\n\t\t\t\t<div class=\"elementor-widget-container\">\n\t\t\t\t\t\t\t\t\t<p><strong>Informations g\u00e9n\u00e9rales sur la diaspora<\/strong><\/p><p>La communaut\u00e9 burkinab\u00e8 r\u00e9sidant aux Emirats Arabes Unis est th\u00e9oriquement estim\u00e9e \u00e0 environ cinq cent (500) individus. En r\u00e9alit\u00e9, ce nombre est tr\u00e8s largement sous-estim\u00e9. Depuis son ouverture l\u2019Ambassade est en train de recueillir les donn\u00e9es en vue de consolider les informations sur cette communaut\u00e9 \u00e0 travers ses op\u00e9rations d\u2019immatriculation.<\/p><p>\u00a0La communaut\u00e9 est compos\u00e9e d\u2019hommes d\u2019affaires, d\u2019experts dans divers domaines, d\u2019\u00e9tudiants et d\u2019ouvriers. On note une forte concentration dans les Emirats du Nord notamment ceux de Duba\u00ef et de Sharjah pour une bonne part. A Abu Dhabi, c\u2019est plut\u00f4t la frange intellectuelle qui domine avec quelques ouvriers dans les localit\u00e9s environnantes.<\/p><p>Les activit\u00e9s les plus fr\u00e9quemment exerc\u00e9es par la diaspora burkinab\u00e9 sont l\u2019entreprenariat, le commerce l\u2019enseignement sup\u00e9rieur, les affaires, les activit\u00e9s d\u2019ouvrier et d\u2019aide-m\u00e9nag\u00e8re, les \u00e9tudes, etc.<\/p><p>Des entrepreneurs burkinab\u00e8 r\u00e9sidant aux Emirats Arabes Unis poss\u00e8dent des soci\u00e9t\u00e9s et des affaires au Burkina Faso par lesquelles ils participent au d\u00e9veloppement socio\u00e9conomique du Burkina Faso.<\/p><p>Il faut noter que Duba\u00ef est devenu une destination privil\u00e9gi\u00e9e pour beaucoup de voyageurs burkinab\u00e8 non-r\u00e9sidents et le flux migratoire \u00e0 ce niveau est aussi tr\u00e8s important. \u00a0<\/p>\t\t\t\t\t\t\t\t<\/div>\n\t\t\t\t<\/div>\n\t\t\t\t\t<\/div>\n\t\t\t\t<\/div>\n\t\t\t\t<\/div>\n\t\t","protected":false},"excerpt":{"rendered":"<p>Informations g\u00e9n\u00e9rales sur la diaspora La communaut\u00e9 burkinab\u00e8 r\u00e9sidant aux Emirats Arabes Unis est th\u00e9oriquement estim\u00e9e \u00e0 environ cinq cent (500) individus. En r\u00e9alit\u00e9, ce nombre est tr\u00e8s largement sous-estim\u00e9. Depuis son ouverture l\u2019Ambassade est en train de recueillir les donn\u00e9es en vue de consolider les informations sur cette communaut\u00e9 \u00e0 travers ses op\u00e9rations d\u2019immatriculation. [&hellip;]<\/p>\n","protected":false},"author":9,"featured_media":0,"parent":0,"menu_order":0,"comment_status":"closed","ping_status":"closed","template":"elementor_header_footer","meta":{"_acf_changed":false,"_monsterinsights_skip_tracking":false,"_monsterinsights_sitenote_active":false,"_monsterinsights_sitenote_note":"","_monsterinsights_sitenote_category":0,"footnotes":""},"class_list":["post-4651","page","type-page","status-publish","hentry"],"acf":[],"_links":{"self":[{"href":"https:\/\/emirats-unis.diplomatie.gov.bf\/index.php\/wp-json\/wp\/v2\/pages\/4651","targetHints":{"allow":["GET"]}}],"collection":[{"href":"https:\/\/emirats-unis.diplomatie.gov.bf\/index.php\/wp-json\/wp\/v2\/pages"}],"about":[{"href":"https:\/\/emirats-unis.diplomatie.gov.bf\/index.php\/wp-json\/wp\/v2\/types\/page"}],"author":[{"embeddable":true,"href":"https:\/\/emirats-unis.diplomatie.gov.bf\/index.php\/wp-json\/wp\/v2\/users\/9"}],"replies":[{"embeddable":true,"href":"https:\/\/emirats-unis.diplomatie.gov.bf\/index.php\/wp-json\/wp\/v2\/comments?post=4651"}],"version-history":[{"count":7,"href":"https:\/\/emirats-unis.diplomatie.gov.bf\/index.php\/wp-json\/wp\/v2\/pages\/4651\/revisions"}],"predecessor-version":[{"id":5133,"href":"https:\/\/emirats-unis.diplomatie.gov.bf\/index.php\/wp-json\/wp\/v2\/pages\/4651\/revisions\/5133"}],"wp:attachment":[{"href":"https:\/\/emirats-unis.diplomatie.gov.bf\/index.php\/wp-json\/wp\/v2\/media?parent=4651"}],"curies":[{"name":"wp","href":"https:\/\/api.w.org\/{rel}","templated":true}]}}