{"id":4652,"date":"2024-07-26T11:05:45","date_gmt":"2024-07-26T09:05:45","guid":{"rendered":"https:\/\/emirats-unis.diplomatie.gov.bf\/?page_id=4652"},"modified":"2024-10-25T12:26:57","modified_gmt":"2024-10-25T10:26:57","slug":"associations-organisations","status":"publish","type":"page","link":"https:\/\/emirats-unis.diplomatie.gov.bf\/index.php\/associations-organisations\/","title":{"rendered":"Associations &#038; Organisations"},"content":{"rendered":"\t\t<div data-elementor-type=\"wp-page\" data-elementor-id=\"4652\" class=\"elementor elementor-4652\" data-elementor-post-type=\"page\">\n\t\t\t\t<div data-particle_enable=\"false\" data-particle-mobile-disabled=\"false\" class=\"elementor-element elementor-element-97427f4 e-flex e-con-boxed e-con e-parent\" data-id=\"97427f4\" data-element_type=\"container\" data-e-type=\"container\">\n\t\t\t\t\t<div class=\"e-con-inner\">\n\t\t\t\t<div class=\"elementor-element elementor-element-425ae84 elementor-widget elementor-widget-text-editor\" data-id=\"425ae84\" data-element_type=\"widget\" data-e-type=\"widget\" data-widget_type=\"text-editor.default\">\n\t\t\t\t<div class=\"elementor-widget-container\">\n\t\t\t\t\t\t\t\t\t<p>REPERTOIRE DES ASSOCIATIONS ET FAITIERES DES BURKINABE DE L\u2019EXTERIEUR\u00a0:<strong> AMBASSADE DU BURKINA FASO A ABU DHABI<\/strong><\/p><table width=\"992\"><tbody><tr><td width=\"73\"><p><strong>N\u00ba<\/strong><\/p><\/td><td width=\"87\"><p><strong>MDPC<\/strong><\/p><\/td><td width=\"463\"><p><strong>AOSSOCIATION\/FAITIERES<\/strong><\/p><\/td><td width=\"369\"><p><strong>Responsables\/contacts<\/strong><\/p><\/td><\/tr><tr><td colspan=\"4\" width=\"992\"><p>\u00a0<\/p><\/td><\/tr><tr><td width=\"73\"><p><strong>01<\/strong><\/p><\/td><td width=\"87\"><p><strong>\u00a0<\/strong><\/p><\/td><td width=\"463\"><p>Association des Burkinab\u00e8 r\u00e9sidant aux Emirats Arabes Unis<\/p><\/td><td width=\"369\"><p>POUGRAOUA Fid\u00e8le Isma\u00ebl\/ +971 50 770 6830<\/p><\/td><\/tr><tr><td width=\"73\"><p><strong>02<\/strong><\/p><\/td><td width=\"87\"><p><strong>\u00a0<\/strong><\/p><\/td><td width=\"463\"><p>Association des Etudiants R\u00e9sidents au Emirates Arabes Unis<\/p><\/td><td width=\"369\"><p>OUARI Issouf\/ +971 55 469 3051<\/p><\/td><\/tr><tr><td width=\"73\"><p><strong>03<\/strong><\/p><\/td><td width=\"87\"><p><strong>\u00a0<\/strong><\/p><\/td><td width=\"463\"><p>Association des femmes aux Emirats Arabes Unis<\/p><\/td><td width=\"369\"><p>POUGRAOUA Mariam\/ +971 50 237 1858<\/p><p><strong>\u00a0<\/strong><\/p><\/td><\/tr><\/tbody><\/table><p><strong>\u00a0<\/strong><\/p>\t\t\t\t\t\t\t\t<\/div>\n\t\t\t\t<\/div>\n\t\t\t\t\t<\/div>\n\t\t\t\t<\/div>\n\t\t\t\t<\/div>\n\t\t","protected":false},"excerpt":{"rendered":"<p>REPERTOIRE DES ASSOCIATIONS ET FAITIERES DES BURKINABE DE L\u2019EXTERIEUR\u00a0: AMBASSADE DU BURKINA FASO A ABU DHABI N\u00ba MDPC AOSSOCIATION\/FAITIERES Responsables\/contacts \u00a0 01 \u00a0 Association des Burkinab\u00e8 r\u00e9sidant aux Emirats Arabes Unis POUGRAOUA Fid\u00e8le Isma\u00ebl\/ +971 50 770 6830 02 \u00a0 Association des Etudiants R\u00e9sidents au Emirates Arabes Unis OUARI Issouf\/ +971 55 469 3051 03 [&hellip;]<\/p>\n","protected":false},"author":9,"featured_media":0,"parent":0,"menu_order":0,"comment_status":"closed","ping_status":"closed","template":"elementor_header_footer","meta":{"_acf_changed":false,"_monsterinsights_skip_tracking":false,"_monsterinsights_sitenote_active":false,"_monsterinsights_sitenote_note":"","_monsterinsights_sitenote_category":0,"footnotes":""},"class_list":["post-4652","page","type-page","status-publish","hentry"],"acf":[],"_links":{"self":[{"href":"https:\/\/emirats-unis.diplomatie.gov.bf\/index.php\/wp-json\/wp\/v2\/pages\/4652","targetHints":{"allow":["GET"]}}],"collection":[{"href":"https:\/\/emirats-unis.diplomatie.gov.bf\/index.php\/wp-json\/wp\/v2\/pages"}],"about":[{"href":"https:\/\/emirats-unis.diplomatie.gov.bf\/index.php\/wp-json\/wp\/v2\/types\/page"}],"author":[{"embeddable":true,"href":"https:\/\/emirats-unis.diplomatie.gov.bf\/index.php\/wp-json\/wp\/v2\/users\/9"}],"replies":[{"embeddable":true,"href":"https:\/\/emirats-unis.diplomatie.gov.bf\/index.php\/wp-json\/wp\/v2\/comments?post=4652"}],"version-history":[{"count":8,"href":"https:\/\/emirats-unis.diplomatie.gov.bf\/index.php\/wp-json\/wp\/v2\/pages\/4652\/revisions"}],"predecessor-version":[{"id":5208,"href":"https:\/\/emirats-unis.diplomatie.gov.bf\/index.php\/wp-json\/wp\/v2\/pages\/4652\/revisions\/5208"}],"wp:attachment":[{"href":"https:\/\/emirats-unis.diplomatie.gov.bf\/index.php\/wp-json\/wp\/v2\/media?parent=4652"}],"curies":[{"name":"wp","href":"https:\/\/api.w.org\/{rel}","templated":true}]}}